{"id":4473,"date":"2019-11-26T14:25:18","date_gmt":"2019-11-26T14:25:18","guid":{"rendered":"https:\/\/vallartourbus.mx\/recorridos\/"},"modified":"2025-09-17T22:06:23","modified_gmt":"2025-09-17T22:06:23","slug":"tours","status":"publish","type":"page","link":"https:\/\/vallartourbus.mx\/en\/tours\/","title":{"rendered":"TOURS"},"content":{"rendered":"","protected":false},"excerpt":{"rendered":"","protected":false},"author":1,"featured_media":0,"parent":0,"menu_order":0,"comment_status":"closed","ping_status":"closed","template":"","meta":{"footnotes":""},"class_list":["post-4473","page","type-page","status-publish","hentry"],"yoast_head":"<!-- This site is optimized with the Yoast SEO plugin v27.5 - https:\/\/yoast.com\/product\/yoast-seo-wordpress\/ -->\n<title>Tours | VallarTour Bus Puerto Vallarta - Discover Puerto Vallarta<\/title>\n<meta name=\"description\" content=\"Disfruta los lugares m\u00e1s emblem\u00e1ticos de Puerto Vallarta, con la mejor vista panor\u00e1mica y la mejor experiencia. El recorrido oficial para conocer la ciudad.\" \/>\n<meta name=\"robots\" content=\"index, follow, max-snippet:-1, max-image-preview:large, max-video-preview:-1\" \/>\n<link rel=\"canonical\" href=\"https:\/\/vallartourbus.mx\/en\/tours\/\" \/>\n<meta property=\"og:locale\" content=\"en_US\" \/>\n<meta property=\"og:type\" content=\"article\" \/>\n<meta property=\"og:title\" content=\"Tours | VallarTour Bus Puerto Vallarta - Discover Puerto Vallarta\" \/>\n<meta property=\"og:description\" content=\"Disfruta los lugares m\u00e1s emblem\u00e1ticos de Puerto Vallarta, con la mejor vista panor\u00e1mica y la mejor experiencia. El recorrido oficial para conocer la ciudad.\" \/>\n<meta property=\"og:url\" content=\"https:\/\/vallartourbus.mx\/en\/tours\/\" \/>\n<meta property=\"og:site_name\" content=\"VallarTour Bus\" \/>\n<meta property=\"article:modified_time\" content=\"2025-09-17T22:06:23+00:00\" \/>\n<meta name=\"twitter:card\" content=\"summary_large_image\" \/>\n<script type=\"application\/ld+json\" class=\"yoast-schema-graph\">{\"@context\":\"https:\\\/\\\/schema.org\",\"@graph\":[{\"@type\":\"WebPage\",\"@id\":\"https:\\\/\\\/vallartourbus.mx\\\/en\\\/tours\\\/\",\"url\":\"https:\\\/\\\/vallartourbus.mx\\\/en\\\/tours\\\/\",\"name\":\"Tours | VallarTour Bus Puerto Vallarta - Discover Puerto Vallarta\",\"isPartOf\":{\"@id\":\"https:\\\/\\\/vallartourbus.mx\\\/en\\\/#website\"},\"datePublished\":\"2019-11-26T14:25:18+00:00\",\"dateModified\":\"2025-09-17T22:06:23+00:00\",\"description\":\"Disfruta los lugares m\u00e1s emblem\u00e1ticos de Puerto Vallarta, con la mejor vista panor\u00e1mica y la mejor experiencia. El recorrido oficial para conocer la ciudad.\",\"breadcrumb\":{\"@id\":\"https:\\\/\\\/vallartourbus.mx\\\/en\\\/tours\\\/#breadcrumb\"},\"inLanguage\":\"en-US\",\"potentialAction\":[{\"@type\":\"ReadAction\",\"target\":[\"https:\\\/\\\/vallartourbus.mx\\\/en\\\/tours\\\/\"]}]},{\"@type\":\"BreadcrumbList\",\"@id\":\"https:\\\/\\\/vallartourbus.mx\\\/en\\\/tours\\\/#breadcrumb\",\"itemListElement\":[{\"@type\":\"ListItem\",\"position\":1,\"name\":\"Inicio\",\"item\":\"https:\\\/\\\/vallartourbus.mx\\\/en\\\/\"},{\"@type\":\"ListItem\",\"position\":2,\"name\":\"TOURS\"}]},{\"@type\":\"WebSite\",\"@id\":\"https:\\\/\\\/vallartourbus.mx\\\/en\\\/#website\",\"url\":\"https:\\\/\\\/vallartourbus.mx\\\/en\\\/\",\"name\":\"VallarTour Bus\",\"description\":\"\",\"publisher\":{\"@id\":\"https:\\\/\\\/vallartourbus.mx\\\/en\\\/#organization\"},\"potentialAction\":[{\"@type\":\"SearchAction\",\"target\":{\"@type\":\"EntryPoint\",\"urlTemplate\":\"https:\\\/\\\/vallartourbus.mx\\\/en\\\/?s={search_term_string}\"},\"query-input\":{\"@type\":\"PropertyValueSpecification\",\"valueRequired\":true,\"valueName\":\"search_term_string\"}}],\"inLanguage\":\"en-US\"},{\"@type\":\"Organization\",\"@id\":\"https:\\\/\\\/vallartourbus.mx\\\/en\\\/#organization\",\"name\":\"Catamaran Akali Puerto Vallarta\",\"url\":\"https:\\\/\\\/vallartourbus.mx\\\/en\\\/\",\"logo\":{\"@type\":\"ImageObject\",\"inLanguage\":\"en-US\",\"@id\":\"https:\\\/\\\/vallartourbus.mx\\\/en\\\/#\\\/schema\\\/logo\\\/image\\\/\",\"url\":\"https:\\\/\\\/catamaran.akali.com.mx\\\/wp-content\\\/uploads\\\/2021\\\/05\\\/Nosotros-Akali-Catamaran.png\",\"contentUrl\":\"https:\\\/\\\/catamaran.akali.com.mx\\\/wp-content\\\/uploads\\\/2021\\\/05\\\/Nosotros-Akali-Catamaran.png\",\"width\":400,\"height\":228,\"caption\":\"Catamaran Akali Puerto Vallarta\"},\"image\":{\"@id\":\"https:\\\/\\\/vallartourbus.mx\\\/en\\\/#\\\/schema\\\/logo\\\/image\\\/\"}}]}<\/script>\n<!-- \/ Yoast SEO plugin. -->","yoast_head_json":{"title":"Tours | VallarTour Bus Puerto Vallarta - Discover Puerto Vallarta","description":"Disfruta los lugares m\u00e1s emblem\u00e1ticos de Puerto Vallarta, con la mejor vista panor\u00e1mica y la mejor experiencia. El recorrido oficial para conocer la ciudad.","robots":{"index":"index","follow":"follow","max-snippet":"max-snippet:-1","max-image-preview":"max-image-preview:large","max-video-preview":"max-video-preview:-1"},"canonical":"https:\/\/vallartourbus.mx\/en\/tours\/","og_locale":"en_US","og_type":"article","og_title":"Tours | VallarTour Bus Puerto Vallarta - Discover Puerto Vallarta","og_description":"Disfruta los lugares m\u00e1s emblem\u00e1ticos de Puerto Vallarta, con la mejor vista panor\u00e1mica y la mejor experiencia. El recorrido oficial para conocer la ciudad.","og_url":"https:\/\/vallartourbus.mx\/en\/tours\/","og_site_name":"VallarTour Bus","article_modified_time":"2025-09-17T22:06:23+00:00","twitter_card":"summary_large_image","schema":{"@context":"https:\/\/schema.org","@graph":[{"@type":"WebPage","@id":"https:\/\/vallartourbus.mx\/en\/tours\/","url":"https:\/\/vallartourbus.mx\/en\/tours\/","name":"Tours | VallarTour Bus Puerto Vallarta - Discover Puerto Vallarta","isPartOf":{"@id":"https:\/\/vallartourbus.mx\/en\/#website"},"datePublished":"2019-11-26T14:25:18+00:00","dateModified":"2025-09-17T22:06:23+00:00","description":"Disfruta los lugares m\u00e1s emblem\u00e1ticos de Puerto Vallarta, con la mejor vista panor\u00e1mica y la mejor experiencia. El recorrido oficial para conocer la ciudad.","breadcrumb":{"@id":"https:\/\/vallartourbus.mx\/en\/tours\/#breadcrumb"},"inLanguage":"en-US","potentialAction":[{"@type":"ReadAction","target":["https:\/\/vallartourbus.mx\/en\/tours\/"]}]},{"@type":"BreadcrumbList","@id":"https:\/\/vallartourbus.mx\/en\/tours\/#breadcrumb","itemListElement":[{"@type":"ListItem","position":1,"name":"Inicio","item":"https:\/\/vallartourbus.mx\/en\/"},{"@type":"ListItem","position":2,"name":"TOURS"}]},{"@type":"WebSite","@id":"https:\/\/vallartourbus.mx\/en\/#website","url":"https:\/\/vallartourbus.mx\/en\/","name":"VallarTour Bus","description":"","publisher":{"@id":"https:\/\/vallartourbus.mx\/en\/#organization"},"potentialAction":[{"@type":"SearchAction","target":{"@type":"EntryPoint","urlTemplate":"https:\/\/vallartourbus.mx\/en\/?s={search_term_string}"},"query-input":{"@type":"PropertyValueSpecification","valueRequired":true,"valueName":"search_term_string"}}],"inLanguage":"en-US"},{"@type":"Organization","@id":"https:\/\/vallartourbus.mx\/en\/#organization","name":"Catamaran Akali Puerto Vallarta","url":"https:\/\/vallartourbus.mx\/en\/","logo":{"@type":"ImageObject","inLanguage":"en-US","@id":"https:\/\/vallartourbus.mx\/en\/#\/schema\/logo\/image\/","url":"https:\/\/catamaran.akali.com.mx\/wp-content\/uploads\/2021\/05\/Nosotros-Akali-Catamaran.png","contentUrl":"https:\/\/catamaran.akali.com.mx\/wp-content\/uploads\/2021\/05\/Nosotros-Akali-Catamaran.png","width":400,"height":228,"caption":"Catamaran Akali Puerto Vallarta"},"image":{"@id":"https:\/\/vallartourbus.mx\/en\/#\/schema\/logo\/image\/"}}]}},"_links":{"self":[{"href":"https:\/\/vallartourbus.mx\/en\/wp-json\/wp\/v2\/pages\/4473","targetHints":{"allow":["GET"]}}],"collection":[{"href":"https:\/\/vallartourbus.mx\/en\/wp-json\/wp\/v2\/pages"}],"about":[{"href":"https:\/\/vallartourbus.mx\/en\/wp-json\/wp\/v2\/types\/page"}],"author":[{"embeddable":true,"href":"https:\/\/vallartourbus.mx\/en\/wp-json\/wp\/v2\/users\/1"}],"replies":[{"embeddable":true,"href":"https:\/\/vallartourbus.mx\/en\/wp-json\/wp\/v2\/comments?post=4473"}],"version-history":[{"count":0,"href":"https:\/\/vallartourbus.mx\/en\/wp-json\/wp\/v2\/pages\/4473\/revisions"}],"wp:attachment":[{"href":"https:\/\/vallartourbus.mx\/en\/wp-json\/wp\/v2\/media?parent=4473"}],"curies":[{"name":"wp","href":"https:\/\/api.w.org\/{rel}","templated":true}]}}